{"id":11440,"date":"2025-08-13T16:26:56","date_gmt":"2025-08-13T16:26:56","guid":{"rendered":"https:\/\/commonwealthtimes.co.uk\/?page_id=4371"},"modified":"2025-12-02T13:36:35","modified_gmt":"2025-12-02T13:36:35","slug":"haftungsausschluss","status":"publish","type":"page","link":"https:\/\/pappusaha.com\/munchnerhandelsblatt\/haftungsausschluss\/","title":{"rendered":"Haftungsausschluss"},"content":{"rendered":"\t\t<div data-elementor-type=\"wp-page\" data-elementor-id=\"11440\" class=\"elementor elementor-11440\">\n\t\t\t\t\t\t<section class=\"has-el-gap el-gap-default elementor-section elementor-top-section elementor-element elementor-element-eb8e712 elementor-section-boxed elementor-section-height-default elementor-section-height-default\" data-id=\"eb8e712\" data-element_type=\"section\">\n\t\t\t\t\t\t<div class=\"elementor-container elementor-column-gap-no\">\n\t\t\t\t\t<div class=\"elementor-column elementor-col-100 elementor-top-column elementor-element elementor-element-cc1f2e9\" data-id=\"cc1f2e9\" data-element_type=\"column\">\n\t\t\t<div class=\"elementor-widget-wrap elementor-element-populated\">\n\t\t\t\t\t\t<div class=\"elementor-element elementor-element-05a8d64 elementor-widget elementor-widget-heading\" data-id=\"05a8d64\" data-element_type=\"widget\" data-widget_type=\"heading.default\">\n\t\t\t\t\t<h1 class=\"elementor-heading-title elementor-size-default\">Haftungsausschluss<\/h1>\t\t\t\t<\/div>\n\t\t\t\t<div class=\"elementor-element elementor-element-86fea89 elementor-widget elementor-widget-text-editor\" data-id=\"86fea89\" data-element_type=\"widget\" data-widget_type=\"text-editor.default\">\n\t\t\t\t\t\t\t\t\t<p data-start=\"158\" data-end=\"320\"><strong data-start=\"158\" data-end=\"201\">Willkommen auf munchnerhandelsblatt.com<\/strong><br data-start=\"201\" data-end=\"204\" \/>Dieser Haftungsausschluss erl\u00e4utert die Bedingungen, unter denen Sie unsere Website und deren Inhalte nutzen k\u00f6nnen.<\/p><p data-start=\"322\" data-end=\"672\"><strong data-start=\"322\" data-end=\"350\">Allgemeine Informationen<\/strong><br data-start=\"350\" data-end=\"353\" \/>Alle Informationen auf <strong data-start=\"376\" data-end=\"404\">munchnerhandelsblatt.com<\/strong> dienen ausschlie\u00dflich allgemeinen Informationszwecken. Wir bem\u00fchen uns, die Inhalte aktuell und korrekt zu halten, \u00fcbernehmen jedoch keine Gew\u00e4hr f\u00fcr die Vollst\u00e4ndigkeit, Richtigkeit, Zuverl\u00e4ssigkeit oder Eignung der auf dieser Website bereitgestellten Informationen.<\/p><p data-start=\"674\" data-end=\"1049\"><strong data-start=\"674\" data-end=\"699\">Redaktionelle Inhalte<\/strong><br data-start=\"699\" data-end=\"702\" \/>Die Nachrichten und Meinungen auf <strong data-start=\"736\" data-end=\"764\">munchnerhandelsblatt.com<\/strong> spiegeln die Ansichten unseres Redaktionsteams und unserer Gastautoren wider. Wir streben eine ausgewogene und faire Berichterstattung an, aber die ge\u00e4u\u00dferten Meinungen geben nicht zwangsl\u00e4ufig die offizielle Position von <strong data-start=\"987\" data-end=\"1015\">munchnerhandelsblatt.com<\/strong> oder der Gesch\u00e4ftsleitung wieder.<\/p><p data-start=\"1051\" data-end=\"1421\"><strong data-start=\"1051\" data-end=\"1092\">Keine Verantwortung f\u00fcr externe Links<\/strong><br data-start=\"1092\" data-end=\"1095\" \/>Unsere Website kann Links zu anderen Websites oder Inhalten Dritter enthalten. Diese Links werden ausschlie\u00dflich zu Informationszwecken bereitgestellt und stellen keine Bef\u00fcrwortung durch <strong data-start=\"1283\" data-end=\"1311\">munchnerhandelsblatt.com<\/strong> dar. Wir \u00fcbernehmen keine Verantwortung f\u00fcr den Inhalt, die Verf\u00fcgbarkeit oder die Praktiken externer Seiten.<\/p><p data-start=\"1423\" data-end=\"1821\"><strong data-start=\"1423\" data-end=\"1447\">Haftungsbeschr\u00e4nkung<\/strong><br data-start=\"1447\" data-end=\"1450\" \/><strong data-start=\"1450\" data-end=\"1478\">munchnerhandelsblatt.com<\/strong> haftet nicht f\u00fcr Verluste oder Sch\u00e4den, die aus der Nutzung unserer Website oder dem Vertrauen auf hier enthaltene Inhalte entstehen. Dies umfasst, ist aber nicht beschr\u00e4nkt auf indirekte, Folgesch\u00e4den oder zuf\u00e4llige Sch\u00e4den, entgangenen Gewinn, Datenverluste oder andere Verluste, selbst wenn wir auf solche M\u00f6glichkeiten hingewiesen wurden.<\/p><p data-start=\"1823\" data-end=\"2078\"><strong data-start=\"1823\" data-end=\"1856\">Keine professionelle Beratung<\/strong><br data-start=\"1856\" data-end=\"1859\" \/>Die Informationen auf <strong data-start=\"1881\" data-end=\"1909\">munchnerhandelsblatt.com<\/strong> sind nicht als professionelle Beratung gedacht und sollten nicht als Ersatz f\u00fcr eine Konsultation mit relevanten Experten in den behandelten Bereichen verwendet werden.<\/p><p data-start=\"2080\" data-end=\"2444\"><strong data-start=\"2080\" data-end=\"2130\">\u00c4nderungen von Inhalten und Haftungsausschluss<\/strong><br data-start=\"2130\" data-end=\"2133\" \/><strong data-start=\"2133\" data-end=\"2161\">munchnerhandelsblatt.com<\/strong> beh\u00e4lt sich das Recht vor, Inhalte auf dieser Website jederzeit ohne Vorank\u00fcndigung zu \u00e4ndern, zu aktualisieren oder zu entfernen. Dieser Haftungsausschluss kann ebenfalls regelm\u00e4\u00dfig aktualisiert werden, um \u00c4nderungen unserer Praktiken oder rechtliche Anforderungen widerzuspiegeln.<\/p><p data-start=\"2446\" data-end=\"2653\"><strong data-start=\"2446\" data-end=\"2470\">Kontaktieren Sie uns<\/strong><br data-start=\"2470\" data-end=\"2473\" \/>Falls Sie Fragen zu diesem Haftungsausschluss oder zu den Inhalten auf <strong data-start=\"2544\" data-end=\"2572\">munchnerhandelsblatt.com<\/strong> haben, kontaktieren Sie uns bitte unter:<br data-start=\"2613\" data-end=\"2616\" \/>E-Mail: <a class=\"decorated-link cursor-pointer\" rel=\"noopener\" data-start=\"2624\" data-end=\"2653\">info@munchnerhandelsblatt.com<\/a><\/p>\t\t\t\t\t\t\t\t<\/div>\n\t\t\t\t\t<\/div>\n\t\t<\/div>\n\t\t\t\t\t<\/div>\n\t\t<\/section>\n\t\t\t\t<\/div>\n\t\t","protected":false},"excerpt":{"rendered":"<p>Haftungsausschluss Willkommen auf munchnerhandelsblatt.comDieser Haftungsausschluss erl\u00e4utert die Bedingungen, unter denen Sie unsere Website und deren Inhalte nutzen k\u00f6nnen. Allgemeine InformationenAlle Informationen auf munchnerhandelsblatt.com dienen ausschlie\u00dflich allgemeinen Informationszwecken. Wir bem\u00fchen uns, die Inhalte aktuell und korrekt zu halten, \u00fcbernehmen jedoch keine Gew\u00e4hr f\u00fcr die Vollst\u00e4ndigkeit, Richtigkeit, Zuverl\u00e4ssigkeit oder Eignung der auf dieser Website bereitgestellten Informationen. Redaktionelle<\/p>\n","protected":false},"author":3,"featured_media":0,"parent":0,"menu_order":0,"comment_status":"closed","ping_status":"closed","template":"elementor_header_footer","meta":{"footnotes":""},"class_list":["post-11440","page","type-page","status-publish"],"_links":{"self":[{"href":"https:\/\/pappusaha.com\/munchnerhandelsblatt\/wp-json\/wp\/v2\/pages\/11440","targetHints":{"allow":["GET"]}}],"collection":[{"href":"https:\/\/pappusaha.com\/munchnerhandelsblatt\/wp-json\/wp\/v2\/pages"}],"about":[{"href":"https:\/\/pappusaha.com\/munchnerhandelsblatt\/wp-json\/wp\/v2\/types\/page"}],"author":[{"embeddable":true,"href":"https:\/\/pappusaha.com\/munchnerhandelsblatt\/wp-json\/wp\/v2\/users\/3"}],"replies":[{"embeddable":true,"href":"https:\/\/pappusaha.com\/munchnerhandelsblatt\/wp-json\/wp\/v2\/comments?post=11440"}],"version-history":[{"count":7,"href":"https:\/\/pappusaha.com\/munchnerhandelsblatt\/wp-json\/wp\/v2\/pages\/11440\/revisions"}],"predecessor-version":[{"id":11512,"href":"https:\/\/pappusaha.com\/munchnerhandelsblatt\/wp-json\/wp\/v2\/pages\/11440\/revisions\/11512"}],"wp:attachment":[{"href":"https:\/\/pappusaha.com\/munchnerhandelsblatt\/wp-json\/wp\/v2\/media?parent=11440"}],"curies":[{"name":"wp","href":"https:\/\/api.w.org\/{rel}","templated":true}]}}