{"id":4539,"date":"2025-08-13T20:47:39","date_gmt":"2025-08-13T20:47:39","guid":{"rendered":"https:\/\/commonwealthtimes.co.uk\/?page_id=4539"},"modified":"2025-12-02T13:43:44","modified_gmt":"2025-12-02T13:43:44","slug":"impressum","status":"publish","type":"page","link":"https:\/\/pappusaha.com\/munchnerhandelsblatt\/impressum\/","title":{"rendered":"Impressum"},"content":{"rendered":"\t\t<div data-elementor-type=\"wp-page\" data-elementor-id=\"4539\" class=\"elementor elementor-4539\">\n\t\t\t\t\t\t<section class=\"has-el-gap el-gap-default elementor-section elementor-top-section elementor-element elementor-element-9f06641 elementor-section-boxed elementor-section-height-default elementor-section-height-default\" data-id=\"9f06641\" data-element_type=\"section\">\n\t\t\t\t\t\t<div class=\"elementor-container elementor-column-gap-no\">\n\t\t\t\t\t<div class=\"elementor-column elementor-col-100 elementor-top-column elementor-element elementor-element-ed05e8f\" data-id=\"ed05e8f\" data-element_type=\"column\">\n\t\t\t<div class=\"elementor-widget-wrap elementor-element-populated\">\n\t\t\t\t\t\t<div class=\"elementor-element elementor-element-328a0c8 elementor-widget elementor-widget-heading\" data-id=\"328a0c8\" data-element_type=\"widget\" data-widget_type=\"heading.default\">\n\t\t\t\t\t<h1 class=\"elementor-heading-title elementor-size-default\">Impressum<\/h1>\t\t\t\t<\/div>\n\t\t\t\t<div class=\"elementor-element elementor-element-6dfacb6 elementor-widget elementor-widget-text-editor\" data-id=\"6dfacb6\" data-element_type=\"widget\" data-widget_type=\"text-editor.default\">\n\t\t\t\t\t\t\t\t\t<p data-start=\"112\" data-end=\"145\"><strong data-start=\"112\" data-end=\"127\">Firmenname:<\/strong><br data-start=\"127\" data-end=\"130\" \/>GMN GROUP LLC<\/p><p data-start=\"147\" data-end=\"255\"><strong data-start=\"147\" data-end=\"162\">Firmensitz:<\/strong><br data-start=\"162\" data-end=\"165\" \/>254 Chapman Rd, Ste 208 #22465<br data-start=\"195\" data-end=\"198\" \/>Newark, Delaware 19702<br data-start=\"220\" data-end=\"223\" \/>Vereinigte Staaten von Amerika<\/p><p data-start=\"257\" data-end=\"380\"><strong data-start=\"257\" data-end=\"272\">Rechtsform:<\/strong><br data-start=\"272\" data-end=\"275\" \/>Gesellschaft mit beschr\u00e4nkter Haftung (LLC), gegr\u00fcndet nach den Gesetzen des US-Bundesstaates Delaware.<\/p><p data-start=\"382\" data-end=\"441\"><strong data-start=\"382\" data-end=\"394\">Kontakt:<\/strong><br data-start=\"394\" data-end=\"397\" \/>E-Mail: <strong data-start=\"405\" data-end=\"439\"><a class=\"decorated-link cursor-pointer\" rel=\"noopener\" data-start=\"407\" data-end=\"437\">press@munchnerhandelsblatt.com<\/a><\/strong><\/p><p data-start=\"443\" data-end=\"505\"><strong data-start=\"443\" data-end=\"475\">Herausgeber \/ Medieninhaber:<\/strong><br data-start=\"475\" data-end=\"478\" \/>GMN GROUP LLC \u2013 Redaktion<\/p><p data-start=\"507\" data-end=\"751\"><strong data-start=\"507\" data-end=\"548\">Redaktionelle Richtlinie \/ Leitlinie:<\/strong><br data-start=\"548\" data-end=\"551\" \/>GMN GROUP LLC ist eine internationale Medien- und Kommunikationsgruppe mit Schwerpunkt auf Presseverbreitung, globalen Medienplattformen, kundenspezifischen Kampagnen und digitalem Markenmanagement.<\/p><p data-start=\"753\" data-end=\"1135\"><strong data-start=\"753\" data-end=\"776\">Haftungsausschluss:<\/strong><br data-start=\"776\" data-end=\"779\" \/>Die Informationen auf dieser Website dienen ausschlie\u00dflich allgemeinen Informationszwecken.<br data-start=\"870\" data-end=\"873\" \/>GMN GROUP LLC \u00fcbernimmt keine Gew\u00e4hr f\u00fcr die Richtigkeit, Vollst\u00e4ndigkeit oder Aktualit\u00e4t der Inhalte.<br data-start=\"975\" data-end=\"978\" \/>F\u00fcr Inhalte externer Websites, auf die \u00fcber Links verwiesen wird, \u00fcbernehmen wir keine Haftung; hierf\u00fcr sind ausschlie\u00dflich deren Betreiber verantwortlich.<\/p><p data-start=\"1137\" data-end=\"1442\"><strong data-start=\"1137\" data-end=\"1162\">Urheberrechtshinweis:<\/strong><br data-start=\"1162\" data-end=\"1165\" \/>S\u00e4mtliche Inhalte dieser Website, einschlie\u00dflich Texte, Bilder, Videos und Design, sind geistiges Eigentum der GMN GROUP LLC oder werden unter Lizenz verwendet.<br data-start=\"1325\" data-end=\"1328\" \/>Jegliche Vervielf\u00e4ltigung, Verbreitung oder kommerzielle Nutzung bedarf der vorherigen schriftlichen Zustimmung.<\/p><p data-start=\"1444\" data-end=\"1637\"><strong data-start=\"1444\" data-end=\"1493\">Streitbeilegung f\u00fcr Verbraucher (EU-Vorgabe):<\/strong><br data-start=\"1493\" data-end=\"1496\" \/>Die Europ\u00e4ische Kommission stellt eine Plattform zur Online-Streitbeilegung (OS-Plattform) bereit:<br data-start=\"1594\" data-end=\"1597\" \/>\ud83d\udc49 <a class=\"decorated-link\" href=\"https:\/\/ec.europa.eu\/consumers\/odr\/\" target=\"_new\" rel=\"noopener\" data-start=\"1600\" data-end=\"1635\">https:\/\/ec.europa.eu\/consumers\/odr\/<\/a><\/p>\t\t\t\t\t\t\t\t<\/div>\n\t\t\t\t\t<\/div>\n\t\t<\/div>\n\t\t\t\t\t<\/div>\n\t\t<\/section>\n\t\t\t\t<\/div>\n\t\t","protected":false},"excerpt":{"rendered":"<p>Impressum Firmenname:GMN GROUP LLC Firmensitz:254 Chapman Rd, Ste 208 #22465Newark, Delaware 19702Vereinigte Staaten von Amerika Rechtsform:Gesellschaft mit beschr\u00e4nkter Haftung (LLC), gegr\u00fcndet nach den Gesetzen des US-Bundesstaates Delaware. Kontakt:E-Mail: press@munchnerhandelsblatt.com Herausgeber \/ Medieninhaber:GMN GROUP LLC \u2013 Redaktion Redaktionelle Richtlinie \/ Leitlinie:GMN GROUP LLC ist eine internationale Medien- und Kommunikationsgruppe mit Schwerpunkt auf Presseverbreitung, globalen Medienplattformen, kundenspezifischen<\/p>\n","protected":false},"author":3,"featured_media":0,"parent":0,"menu_order":0,"comment_status":"closed","ping_status":"closed","template":"elementor_header_footer","meta":{"footnotes":""},"class_list":["post-4539","page","type-page","status-publish"],"_links":{"self":[{"href":"https:\/\/pappusaha.com\/munchnerhandelsblatt\/wp-json\/wp\/v2\/pages\/4539","targetHints":{"allow":["GET"]}}],"collection":[{"href":"https:\/\/pappusaha.com\/munchnerhandelsblatt\/wp-json\/wp\/v2\/pages"}],"about":[{"href":"https:\/\/pappusaha.com\/munchnerhandelsblatt\/wp-json\/wp\/v2\/types\/page"}],"author":[{"embeddable":true,"href":"https:\/\/pappusaha.com\/munchnerhandelsblatt\/wp-json\/wp\/v2\/users\/3"}],"replies":[{"embeddable":true,"href":"https:\/\/pappusaha.com\/munchnerhandelsblatt\/wp-json\/wp\/v2\/comments?post=4539"}],"version-history":[{"count":7,"href":"https:\/\/pappusaha.com\/munchnerhandelsblatt\/wp-json\/wp\/v2\/pages\/4539\/revisions"}],"predecessor-version":[{"id":11524,"href":"https:\/\/pappusaha.com\/munchnerhandelsblatt\/wp-json\/wp\/v2\/pages\/4539\/revisions\/11524"}],"wp:attachment":[{"href":"https:\/\/pappusaha.com\/munchnerhandelsblatt\/wp-json\/wp\/v2\/media?parent=4539"}],"curies":[{"name":"wp","href":"https:\/\/api.w.org\/{rel}","templated":true}]}}