{"id":4577,"date":"2025-11-18T01:57:39","date_gmt":"2025-11-18T01:57:39","guid":{"rendered":"https:\/\/pappusaha.com\/thuringerzeitung\/?page_id=4577"},"modified":"2025-12-02T13:34:53","modified_gmt":"2025-12-02T13:34:53","slug":"nutzungsbedingungen","status":"publish","type":"page","link":"https:\/\/pappusaha.com\/munchnerhandelsblatt\/nutzungsbedingungen\/","title":{"rendered":"Nutzungsbedingungen"},"content":{"rendered":"\t\t<div data-elementor-type=\"wp-page\" data-elementor-id=\"4577\" class=\"elementor elementor-4577\">\n\t\t\t\t\t\t<section class=\"has-el-gap el-gap-default elementor-section elementor-top-section elementor-element elementor-element-f6c7c48 elementor-section-boxed elementor-section-height-default elementor-section-height-default\" data-id=\"f6c7c48\" data-element_type=\"section\">\n\t\t\t\t\t\t<div class=\"elementor-container elementor-column-gap-no\">\n\t\t\t\t\t<div class=\"elementor-column elementor-col-100 elementor-top-column elementor-element elementor-element-907da74\" data-id=\"907da74\" data-element_type=\"column\">\n\t\t\t<div class=\"elementor-widget-wrap elementor-element-populated\">\n\t\t\t\t\t\t<div class=\"elementor-element elementor-element-4287004 elementor-widget elementor-widget-heading\" data-id=\"4287004\" data-element_type=\"widget\" data-widget_type=\"heading.default\">\n\t\t\t\t\t<h1 class=\"elementor-heading-title elementor-size-default\">Nutzungsbedingungen<\/h1>\t\t\t\t<\/div>\n\t\t\t\t<div class=\"elementor-element elementor-element-f775a44 elementor-widget elementor-widget-text-editor\" data-id=\"f775a44\" data-element_type=\"widget\" data-widget_type=\"text-editor.default\">\n\t\t\t\t\t\t\t\t\t<p data-start=\"161\" data-end=\"201\"><strong data-start=\"161\" data-end=\"201\">Willkommen bei M\u00fcnchner Handelsblatt<\/strong><\/p><p data-start=\"203\" data-end=\"389\">Durch den Zugriff auf und die Nutzung unserer Website stimmen Sie den folgenden Nutzungsbedingungen zu. Bitte lesen Sie diese Bedingungen sorgf\u00e4ltig durch, bevor Sie unsere Seite nutzen.<\/p><p data-start=\"391\" data-end=\"655\"><strong data-start=\"391\" data-end=\"420\">Akzeptanz der Bedingungen<\/strong><br data-start=\"420\" data-end=\"423\" \/>Durch den Zugriff auf und die Nutzung von <strong data-start=\"465\" data-end=\"493\">munchnerhandelsblatt.com<\/strong> (\u201cdie Website\u201d) stimmen Sie diesen Nutzungsbedingungen zu. Wenn Sie mit diesen Bedingungen nicht einverstanden sind, bitten wir Sie, die Website nicht zu nutzen.<\/p><p data-start=\"657\" data-end=\"766\"><strong data-start=\"657\" data-end=\"680\">Nutzung der Website<\/strong><br data-start=\"680\" data-end=\"683\" \/>Sie d\u00fcrfen die Website nur f\u00fcr rechtm\u00e4\u00dfige Zwecke nutzen. Sie stimmen zu, dass Sie:<\/p><ul data-start=\"768\" data-end=\"1106\"><li data-start=\"768\" data-end=\"888\"><p data-start=\"770\" data-end=\"888\">Keine Inhalte posten, \u00fcbermitteln oder verbreiten, die illegal, diffamierend, obsz\u00f6n oder anderweitig anst\u00f6\u00dfig sind.<\/p><\/li><li data-start=\"889\" data-end=\"974\"><p data-start=\"891\" data-end=\"974\">Keine Aktivit\u00e4ten durchf\u00fchren, die die Funktionsweise der Website st\u00f6ren k\u00f6nnten.<\/p><\/li><li data-start=\"975\" data-end=\"1053\"><p data-start=\"977\" data-end=\"1053\">Die Website nicht nutzen, um Spam oder unerw\u00fcnschte Inhalte zu verbreiten.<\/p><\/li><li data-start=\"1054\" data-end=\"1106\"><p data-start=\"1056\" data-end=\"1106\">Keine geistigen Eigentumsrechte Dritter verletzen.<\/p><\/li><\/ul><p data-start=\"1108\" data-end=\"1400\"><strong data-start=\"1108\" data-end=\"1130\">Geistiges Eigentum<\/strong><br data-start=\"1130\" data-end=\"1133\" \/>Alle Inhalte auf <strong data-start=\"1150\" data-end=\"1178\">munchnerhandelsblatt.com<\/strong>, einschlie\u00dflich, aber nicht beschr\u00e4nkt auf Artikel, Bilder, Videos und Logos, sind Eigentum von munchnerhandelsblatt.com oder dessen Inhaltsanbietern. Die unbefugte Nutzung oder Vervielf\u00e4ltigung der Inhalte ist untersagt.<\/p><p data-start=\"1402\" data-end=\"1778\"><strong data-start=\"1402\" data-end=\"1429\">Genauigkeit der Inhalte<\/strong><br data-start=\"1429\" data-end=\"1432\" \/>Obwohl wir bestrebt sind, genaue und aktuelle Informationen bereitzustellen, garantiert <strong data-start=\"1520\" data-end=\"1548\">munchnerhandelsblatt.com<\/strong> nicht die Richtigkeit, Vollst\u00e4ndigkeit oder Zuverl\u00e4ssigkeit der Inhalte auf der Website. Die Nachrichten, Artikel und anderen Materialien dienen nur zu Informationszwecken und k\u00f6nnen jederzeit ohne Vorank\u00fcndigung ge\u00e4ndert werden.<\/p><p data-start=\"1780\" data-end=\"2100\"><strong data-start=\"1780\" data-end=\"1809\">Links zu Websites Dritter<\/strong><br data-start=\"1809\" data-end=\"1812\" \/>Unsere Website kann Links zu Websites Dritter enthalten. Diese Links werden Ihnen zur Verf\u00fcgung gestellt, um Ihre Nutzung zu erleichtern, und <strong data-start=\"1954\" data-end=\"1982\">munchnerhandelsblatt.com<\/strong> \u00fcbernimmt keine Verantwortung f\u00fcr den Inhalt, die Datenschutzpraktiken oder die Verf\u00fcgbarkeit dieser externen Seiten.<\/p><p data-start=\"2102\" data-end=\"2437\"><strong data-start=\"2102\" data-end=\"2122\">Benutzerbeitr\u00e4ge<\/strong><br data-start=\"2122\" data-end=\"2125\" \/>Es kann sein, dass Sie die M\u00f6glichkeit haben, Kommentare oder andere Inhalte auf der Website einzureichen. Durch die Einreichung von Inhalten gew\u00e4hren Sie <strong data-start=\"2280\" data-end=\"2308\">munchnerhandelsblatt.com<\/strong> eine nicht-exklusive, lizenzfreie, unbefristete und unwiderrufliche Lizenz zur Nutzung, Modifikation und Anzeige dieser Inhalte.<\/p><p data-start=\"2439\" data-end=\"2644\"><strong data-start=\"2439\" data-end=\"2463\">Datenschutzerkl\u00e4rung<\/strong><br data-start=\"2463\" data-end=\"2466\" \/>Die Nutzung der Website unterliegt auch unserer Datenschutzerkl\u00e4rung. Bitte lesen Sie diese, um zu erfahren, wie wir Ihre personenbezogenen Daten sammeln, verwenden und sch\u00fctzen.<\/p><p data-start=\"2646\" data-end=\"2893\"><strong data-start=\"2646\" data-end=\"2670\">Haftungsbeschr\u00e4nkung<\/strong><br data-start=\"2670\" data-end=\"2673\" \/><strong data-start=\"2673\" data-end=\"2701\">munchnerhandelsblatt.com<\/strong> haftet nicht f\u00fcr Sch\u00e4den, die aus der Nutzung oder der Unf\u00e4higkeit zur Nutzung der Website entstehen. Wir garantieren nicht, dass die Website frei von Fehlern, Unterbrechungen oder Viren ist.<\/p><p data-start=\"2895\" data-end=\"3166\"><strong data-start=\"2895\" data-end=\"2912\">Schadenersatz<\/strong><br data-start=\"2912\" data-end=\"2915\" \/>Sie stimmen zu, <strong data-start=\"2931\" data-end=\"2959\">munchnerhandelsblatt.com<\/strong> und deren Tochtergesellschaften von s\u00e4mtlichen Anspr\u00fcchen, Verlusten, Haftlichkeiten oder Ausgaben freizustellen, die durch Ihre Nutzung der Website oder die Verletzung dieser Nutzungsbedingungen entstehen.<\/p><p data-start=\"3168\" data-end=\"3469\"><strong data-start=\"3168\" data-end=\"3198\">\u00c4nderungen der Bedingungen<\/strong><br data-start=\"3198\" data-end=\"3201\" \/>Wir behalten uns das Recht vor, diese Nutzungsbedingungen jederzeit zu aktualisieren oder zu \u00e4ndern. \u00c4nderungen werden durch das aktualisierte Datum der letzten \u00dcberarbeitung kenntlich gemacht. Es liegt in Ihrer Verantwortung, die Bedingungen regelm\u00e4\u00dfig zu \u00fcberpr\u00fcfen.<\/p><p data-start=\"3471\" data-end=\"3717\"><strong data-start=\"3471\" data-end=\"3490\">Geltendes Recht<\/strong><br data-start=\"3490\" data-end=\"3493\" \/>Diese Nutzungsbedingungen unterliegen den Gesetzen von Deutschland. Alle Streitigkeiten, die aus oder im Zusammenhang mit diesen Bedingungen entstehen, unterliegen der ausschlie\u00dflichen Gerichtsbarkeit der deutschen Gerichte.<\/p><p data-start=\"3719\" data-end=\"3852\"><strong data-start=\"3719\" data-end=\"3741\">Kontaktinformation<\/strong><br data-start=\"3741\" data-end=\"3744\" \/>Falls Sie Fragen zu diesen Nutzungsbedingungen haben, k\u00f6nnen Sie uns unter folgenden Kontaktdaten erreichen:<\/p><p data-start=\"3854\" data-end=\"3927\"><strong data-start=\"3854\" data-end=\"3887\">M\u00fcnchner Handelsblatt Journal<\/strong><br data-start=\"3887\" data-end=\"3890\" \/>E-Mail: <a class=\"decorated-link cursor-pointer\" rel=\"noopener\" data-start=\"3898\" data-end=\"3927\">info@munchnerhandelsblatt.com<\/a><\/p>\t\t\t\t\t\t\t\t<\/div>\n\t\t\t\t\t<\/div>\n\t\t<\/div>\n\t\t\t\t\t<\/div>\n\t\t<\/section>\n\t\t\t\t<\/div>\n\t\t","protected":false},"excerpt":{"rendered":"<p>Nutzungsbedingungen Willkommen bei M\u00fcnchner Handelsblatt Durch den Zugriff auf und die Nutzung unserer Website stimmen Sie den folgenden Nutzungsbedingungen zu. Bitte lesen Sie diese Bedingungen sorgf\u00e4ltig durch, bevor Sie unsere Seite nutzen. Akzeptanz der BedingungenDurch den Zugriff auf und die Nutzung von munchnerhandelsblatt.com (\u201cdie Website\u201d) stimmen Sie diesen Nutzungsbedingungen zu. Wenn Sie mit diesen Bedingungen<\/p>\n","protected":false},"author":3,"featured_media":0,"parent":0,"menu_order":0,"comment_status":"closed","ping_status":"closed","template":"page-templates\/no-wrapper.php","meta":{"footnotes":""},"class_list":["post-4577","page","type-page","status-publish"],"_links":{"self":[{"href":"https:\/\/pappusaha.com\/munchnerhandelsblatt\/wp-json\/wp\/v2\/pages\/4577","targetHints":{"allow":["GET"]}}],"collection":[{"href":"https:\/\/pappusaha.com\/munchnerhandelsblatt\/wp-json\/wp\/v2\/pages"}],"about":[{"href":"https:\/\/pappusaha.com\/munchnerhandelsblatt\/wp-json\/wp\/v2\/types\/page"}],"author":[{"embeddable":true,"href":"https:\/\/pappusaha.com\/munchnerhandelsblatt\/wp-json\/wp\/v2\/users\/3"}],"replies":[{"embeddable":true,"href":"https:\/\/pappusaha.com\/munchnerhandelsblatt\/wp-json\/wp\/v2\/comments?post=4577"}],"version-history":[{"count":13,"href":"https:\/\/pappusaha.com\/munchnerhandelsblatt\/wp-json\/wp\/v2\/pages\/4577\/revisions"}],"predecessor-version":[{"id":11509,"href":"https:\/\/pappusaha.com\/munchnerhandelsblatt\/wp-json\/wp\/v2\/pages\/4577\/revisions\/11509"}],"wp:attachment":[{"href":"https:\/\/pappusaha.com\/munchnerhandelsblatt\/wp-json\/wp\/v2\/media?parent=4577"}],"curies":[{"name":"wp","href":"https:\/\/api.w.org\/{rel}","templated":true}]}}